{"id":4717,"date":"2025-02-08T21:14:46","date_gmt":"2025-02-08T19:14:46","guid":{"rendered":"https:\/\/limassol.site\/4717-2\/"},"modified":"2026-02-12T23:03:45","modified_gmt":"2026-02-12T21:03:45","slug":"4717-2","status":"publish","type":"page","link":"https:\/\/limassol.site\/de\/","title":{"rendered":""},"content":{"rendered":"\n<h2 class=\"wp-block-heading\">Limassol Reisef\u00fchrer f\u00fcr Reisende<\/h2>\n\n\n\n<p>Willkommen in Limassol, einer dynamischen K\u00fcstenstadt auf Zypern, in der Geschichte auf modernen Charme trifft. Ob Sie auf der Suche nach kulturellen Entdeckungen, einem Strandurlaub oder einem pulsierenden Nachtleben sind, Limassol hat f\u00fcr jeden Reisenden etwas zu bieten. Tauchen Sie ein in unsere kuratierten Kategorien und entdecken Sie das Beste, was diese Stadt zu bieten hat:  <\/p>\n\n\n\n<div class=\"wp-block-group has-global-padding is-layout-constrained wp-block-group-is-layout-constrained\"><div class='pt-cv-wrapper'> <h2 class='pt-cv-heading-container heading2' data-blockid='yw6ndaa6'><span class='pt-cv-heading'> Aktivit\u00e4ten <\/span><\/h2><div class=\"pt-cv-view pt-cv-blockgrid iscvblock iscvreal grid1 layout2\" id=\"pt-cv-view-yw6ndaa6\"><div data-id=\"pt-cv-page-1\" class=\"pt-cv-page\" data-cvc=\"3\"><div class=\" pt-cv-content-item pt-cv-1-col\" ><div class=\"pt-cv-thumb-wrapper  \"><a href=\"https:\/\/limassol.site\/de\/ausfluge-limassol-zypern\/\" class=\"_blank pt-cv-href-thumbnail pt-cv-thumb-default\" target=\"_blank\" ><img loading=\"lazy\" decoding=\"async\" width=\"768\" height=\"511\" src=\"https:\/\/limassol.site\/wp-content\/uploads\/2026\/02\/is-the-most-famous-village-in-the-troodos-mountains-limassol-district-cyprus-mediterranean-sea-mountain-landscape-and-sunny-day-photo-scaled.jpg\" class=\"pt-cv-thumbnail\" alt=\"\" \/><\/a><\/div>\n<div class=\"pt-cv-remain-wrapper\"><div class=\"pt-cv-taxoterm above_title\"><a href='https:\/\/limassol.site\/de\/category\/aktivitaten\/' title='Aktivit\u00e4ten' class='pt-cv-tax-aktivitaten'>Aktivit\u00e4ten<\/a><a href='https:\/\/limassol.site\/de\/category\/entdecken\/' title='Entdecken' class='pt-cv-tax-entdecken'>Entdecken<\/a><a href='https:\/\/limassol.site\/de\/category\/reisetipps-fur-limassol\/' title='Reisetipps f\u00fcr Limassol' class='pt-cv-tax-reisetipps-fur-limassol'>Reisetipps f\u00fcr Limassol<\/a><a href='https:\/\/limassol.site\/category\/uncategorized-en\/' title='Uncategorized' class='pt-cv-tax-uncategorized-en'>Uncategorized<\/a><a href='https:\/\/limassol.site\/de\/category\/wohin-gehen\/' title='Wohin gehen' class='pt-cv-tax-wohin-gehen'>Wohin gehen<\/a><\/div><h4 class=\"pt-cv-title\"><a href=\"https:\/\/limassol.site\/de\/ausfluge-limassol-zypern\/\" class=\"_blank\" target=\"_blank\" >Ausfl\u00fcge ab Limassol, Zypern: Die sch\u00f6nsten Tagestrips<\/a><\/h4><div class=\"pt-cv-content\">Limassol ist nicht nur ein lebendiger Badeort, sondern auch der perfekte Ausgangspunkt f\u00fcr abwechslungsreiche Entdeckungstouren. Ausfl\u00fcge Limassol Zypern verbinden antike &#8230;<\/div><div class=\"pt-cv-rmwrap\"><a href=\"https:\/\/limassol.site\/de\/ausfluge-limassol-zypern\/\" class=\"_blank pt-cv-readmore btn btn-success\" target=\"_blank\" >Weiterlesen\u00a0\u2026<\/a><\/div><\/div><\/div>\n<div class=\" pt-cv-content-item pt-cv-1-col\" ><div class=\"pt-cv-thumb-wrapper  \"><a href=\"https:\/\/limassol.site\/de\/limassol-zypern-griechisch-oder-turkisch\/\" class=\"_blank pt-cv-href-thumbnail pt-cv-thumb-default\" target=\"_blank\" ><img loading=\"lazy\" decoding=\"async\" width=\"550\" height=\"550\" src=\"https:\/\/limassol.site\/wp-content\/uploads\/2026\/02\/limassol-cyprus-city-skyline-silhouette-outline-sketch-unisex-hoodie-20241226165556-m2kzxg5n-s4.jpg\" class=\"pt-cv-thumbnail\" alt=\"\" \/><\/a><\/div>\n<div class=\"pt-cv-remain-wrapper\"><div class=\"pt-cv-taxoterm above_title\"><a href='https:\/\/limassol.site\/de\/category\/reisetipps-fur-limassol\/' title='Reisetipps f\u00fcr Limassol' class='pt-cv-tax-reisetipps-fur-limassol'>Reisetipps f\u00fcr Limassol<\/a><a href='https:\/\/limassol.site\/de\/category\/sehenswurdigkeiten\/' title='Sehensw\u00fcrdigkeiten' class='pt-cv-tax-sehenswurdigkeiten'>Sehensw\u00fcrdigkeiten<\/a><a href='https:\/\/limassol.site\/category\/uncategorized-en\/' title='Uncategorized' class='pt-cv-tax-uncategorized-en'>Uncategorized<\/a><a href='https:\/\/limassol.site\/de\/category\/wohin-gehen\/' title='Wohin gehen' class='pt-cv-tax-wohin-gehen'>Wohin gehen<\/a><\/div><h4 class=\"pt-cv-title\"><a href=\"https:\/\/limassol.site\/de\/limassol-zypern-griechisch-oder-turkisch\/\" class=\"_blank\" target=\"_blank\" >Limassol auf Zypern: Griechisch oder T\u00fcrkisch? Kulturelle Einblicke<\/a><\/h4><div class=\"pt-cv-content\">Limassol Zypern \u2013 griechisch oder t\u00fcrkisch? Diese Frage stellen sich viele Reisende vor ihrem ersten Besuch. Die Antwort ist historisch &#8230;<\/div><div class=\"pt-cv-rmwrap\"><a href=\"https:\/\/limassol.site\/de\/limassol-zypern-griechisch-oder-turkisch\/\" class=\"_blank pt-cv-readmore btn btn-success\" target=\"_blank\" >Weiterlesen\u00a0\u2026<\/a><\/div><\/div><\/div>\n<div class=\" pt-cv-content-item pt-cv-1-col\" ><div class=\"pt-cv-thumb-wrapper  \"><a href=\"https:\/\/limassol.site\/de\/limassol-zypern-karte\/\" class=\"_blank pt-cv-href-thumbnail pt-cv-thumb-default\" target=\"_blank\" ><img loading=\"lazy\" decoding=\"async\" width=\"768\" height=\"768\" src=\"https:\/\/limassol.site\/wp-content\/uploads\/2026\/02\/stacey_living_stacey_living_room_portrait_black_classic_frame_3.webp\" class=\"pt-cv-thumbnail\" alt=\"\" \/><\/a><\/div>\n<div class=\"pt-cv-remain-wrapper\"><div class=\"pt-cv-taxoterm above_title\"><a href='https:\/\/limassol.site\/de\/category\/aktivitaten\/' title='Aktivit\u00e4ten' class='pt-cv-tax-aktivitaten'>Aktivit\u00e4ten<\/a><a href='https:\/\/limassol.site\/de\/category\/reisetipps-fur-limassol\/' title='Reisetipps f\u00fcr Limassol' class='pt-cv-tax-reisetipps-fur-limassol'>Reisetipps f\u00fcr Limassol<\/a><a href='https:\/\/limassol.site\/de\/category\/sehenswurdigkeiten\/' title='Sehensw\u00fcrdigkeiten' class='pt-cv-tax-sehenswurdigkeiten'>Sehensw\u00fcrdigkeiten<\/a><a href='https:\/\/limassol.site\/category\/uncategorized-en\/' title='Uncategorized' class='pt-cv-tax-uncategorized-en'>Uncategorized<\/a><a href='https:\/\/limassol.site\/de\/category\/wohin-gehen\/' title='Wohin gehen' class='pt-cv-tax-wohin-gehen'>Wohin gehen<\/a><\/div><h4 class=\"pt-cv-title\"><a href=\"https:\/\/limassol.site\/de\/limassol-zypern-karte\/\" class=\"_blank\" target=\"_blank\" >Limassol, Zypern: Karte und Orientierung f\u00fcr Besucher<\/a><\/h4><div class=\"pt-cv-content\">Wer Limassol zum ersten Mal besucht, stellt sich schnell die Frage: Wo liegt was \u2013 und wie orientiere ich mich &#8230;<\/div><div class=\"pt-cv-rmwrap\"><a href=\"https:\/\/limassol.site\/de\/limassol-zypern-karte\/\" class=\"_blank pt-cv-readmore btn btn-success\" target=\"_blank\" >Weiterlesen\u00a0\u2026<\/a><\/div><\/div><\/div><\/div><\/div> <\/div> <style>\n\n#pt-cv-view-yw6ndaa6 .pt-cv-meta-fields {  }#pt-cv-view-yw6ndaa6 .pt-cv-meta-fields * { font-size: 13px; }#pt-cv-view-yw6ndaa6 .pt-cv-thumb-wrapper:not(.miniwrap) {  }#pt-cv-view-yw6ndaa6 .pt-cv-thumbnail:not(.pt-cv-thumbnailsm) { height: 250px; }#pt-cv-view-yw6ndaa6 .pt-cv-title a { display: block; }#pt-cv-view-yw6ndaa6 .pt-cv-title:not(.pt-cv-titlesm) a { font-weight: 600;text-decoration: none;font-size: 20px; }#pt-cv-view-yw6ndaa6 .pt-cv-titlesm a { font-weight: 600;font-size: 18px; }#pt-cv-view-yw6ndaa6 .pt-cv-content { font-size: 15px; }#pt-cv-view-yw6ndaa6 .pt-cv-rmwrap {  }#pt-cv-view-yw6ndaa6 .pt-cv-readmore { color: #fff;background-color: #0075ff;font-size: 14px; }#pt-cv-view-yw6ndaa6 .pt-cv-taxoterm {  }#pt-cv-view-yw6ndaa6 .pt-cv-taxoterm * { color: #222;background-color: #fff6f6;font-size: 14px; }#pt-cv-view-yw6ndaa6 + .pt-cv-pagination-wrapper {  }#pt-cv-view-yw6ndaa6 + .pt-cv-pagination-wrapper a { font-size: 14px; }#pt-cv-view-yw6ndaa6 > .pt-cv-page {grid-template-columns: repeat(3, 1fr);grid-gap: 20px;}\n@media all and (max-width: 1024px) { \n#pt-cv-view-yw6ndaa6 > .pt-cv-page {}\n} \n@media all and (max-width: 767px) { \n#pt-cv-view-yw6ndaa6 > .pt-cv-page {grid-template-columns: repeat(1, 1fr);}\n} <\/style><\/div>\n\n\n<div class='pt-cv-wrapper'> <h2 class='pt-cv-heading-container heading2' data-blockid='biu9czh1'><span class='pt-cv-heading'> Reisetipps f\u00fcr Limassol <\/span><\/h2><div class=\"pt-cv-view pt-cv-blockgrid iscvblock iscvreal grid1 layout2\" id=\"pt-cv-view-biu9czh1\"><div data-id=\"pt-cv-page-1\" class=\"pt-cv-page\" data-cvc=\"3\"><div class=\" pt-cv-content-item pt-cv-1-col\" ><div class=\"pt-cv-thumb-wrapper  \"><a href=\"https:\/\/limassol.site\/de\/ferienwohnung-limassol-zypern\/\" class=\"_blank pt-cv-href-thumbnail pt-cv-thumb-default\" target=\"_blank\" ><img loading=\"lazy\" decoding=\"async\" width=\"768\" height=\"432\" src=\"https:\/\/limassol.site\/wp-content\/uploads\/2026\/02\/a365c1f6-ef78-4221-9129-d3dad1e5a8c5-4-scaled.jpg\" class=\"pt-cv-thumbnail\" alt=\"\" \/><\/a><\/div>\n<div class=\"pt-cv-remain-wrapper\"><div class=\"pt-cv-taxoterm above_title\"><a href='https:\/\/limassol.site\/de\/category\/hotels-in-limassol-zypern\/' title='Hotels in Limassol, Zypern' class='pt-cv-tax-hotels-in-limassol-zypern'>Hotels in Limassol, Zypern<\/a><a href='https:\/\/limassol.site\/de\/category\/immobilien\/' title='Immobilien' class='pt-cv-tax-immobilien'>Immobilien<\/a><a href='https:\/\/limassol.site\/category\/uncategorized-en\/' title='Uncategorized' class='pt-cv-tax-uncategorized-en'>Uncategorized<\/a><\/div><h4 class=\"pt-cv-title\"><a href=\"https:\/\/limassol.site\/de\/ferienwohnung-limassol-zypern\/\" class=\"_blank\" target=\"_blank\" >Ferienwohnungen in Limassol, Zypern: Unterkunftsf\u00fchrer<\/a><\/h4><div class=\"pt-cv-content\">Eine ferienwohnung limassol zypern ist die ideale Wahl f\u00fcr Reisende, die Flexibilit\u00e4t, Privatsph\u00e4re und N\u00e4he zum Meer suchen. Limassol verbindet &#8230;<\/div><div class=\"pt-cv-rmwrap\"><a href=\"https:\/\/limassol.site\/de\/ferienwohnung-limassol-zypern\/\" class=\"_blank pt-cv-readmore btn btn-success\" target=\"_blank\" >Weiterlesen\u00a0\u2026<\/a><\/div><\/div><\/div>\n<div class=\" pt-cv-content-item pt-cv-1-col\" ><div class=\"pt-cv-thumb-wrapper  \"><a href=\"https:\/\/limassol.site\/de\/mediterranean-beach-hotel-limassol-zypern\/\" class=\"_blank pt-cv-href-thumbnail pt-cv-thumb-default\" target=\"_blank\" ><img loading=\"lazy\" decoding=\"async\" width=\"768\" height=\"430\" src=\"https:\/\/limassol.site\/wp-content\/uploads\/2026\/02\/edc6d210.avif\" class=\"pt-cv-thumbnail\" alt=\"\" \/><\/a><\/div>\n<div class=\"pt-cv-remain-wrapper\"><div class=\"pt-cv-taxoterm above_title\"><a href='https:\/\/limassol.site\/de\/category\/hotels-in-limassol-zypern\/' title='Hotels in Limassol, Zypern' class='pt-cv-tax-hotels-in-limassol-zypern'>Hotels in Limassol, Zypern<\/a><a href='https:\/\/limassol.site\/de\/category\/immobilien\/' title='Immobilien' class='pt-cv-tax-immobilien'>Immobilien<\/a><a href='https:\/\/limassol.site\/category\/uncategorized-en\/' title='Uncategorized' class='pt-cv-tax-uncategorized-en'>Uncategorized<\/a><\/div><h4 class=\"pt-cv-title\"><a href=\"https:\/\/limassol.site\/de\/mediterranean-beach-hotel-limassol-zypern\/\" class=\"_blank\" target=\"_blank\" >Mediterranean Beach Hotel Limassol, Zypern: Erfahrungsbericht und Reisetipps<\/a><\/h4><div class=\"pt-cv-content\">Das mediterranean beach hotel limassol zypern geh\u00f6rt zu den bekanntesten Strandhotels an der S\u00fcdk\u00fcste der Insel. Direkt an der Bucht &#8230;<\/div><div class=\"pt-cv-rmwrap\"><a href=\"https:\/\/limassol.site\/de\/mediterranean-beach-hotel-limassol-zypern\/\" class=\"_blank pt-cv-readmore btn btn-success\" target=\"_blank\" >Weiterlesen\u00a0\u2026<\/a><\/div><\/div><\/div>\n<div class=\" pt-cv-content-item pt-cv-1-col\" ><div class=\"pt-cv-thumb-wrapper  \"><a href=\"https:\/\/limassol.site\/de\/hotel-limassol-zypern\/\" class=\"_blank pt-cv-href-thumbnail pt-cv-thumb-default\" target=\"_blank\" ><img loading=\"lazy\" decoding=\"async\" width=\"768\" height=\"432\" src=\"https:\/\/limassol.site\/wp-content\/uploads\/2026\/02\/a365c1f6-ef78-4221-9129-d3dad1e5a8c5-2-scaled.jpg\" class=\"pt-cv-thumbnail\" alt=\"\" \/><\/a><\/div>\n<div class=\"pt-cv-remain-wrapper\"><div class=\"pt-cv-taxoterm above_title\"><a href='https:\/\/limassol.site\/de\/category\/hotels-in-limassol-zypern\/' title='Hotels in Limassol, Zypern' class='pt-cv-tax-hotels-in-limassol-zypern'>Hotels in Limassol, Zypern<\/a><a href='https:\/\/limassol.site\/de\/category\/immobilien\/' title='Immobilien' class='pt-cv-tax-immobilien'>Immobilien<\/a><a href='https:\/\/limassol.site\/category\/uncategorized-en\/' title='Uncategorized' class='pt-cv-tax-uncategorized-en'>Uncategorized<\/a><\/div><h4 class=\"pt-cv-title\"><a href=\"https:\/\/limassol.site\/de\/hotel-limassol-zypern\/\" class=\"_blank\" target=\"_blank\" >Hotels in Limassol, Zypern: Von Luxus bis Budget<\/a><\/h4><div class=\"pt-cv-content\">Limassol z\u00e4hlt zu den vielseitigsten Urlaubszielen der Insel. Ob Strandresort, Business-Unterkunft oder g\u00fcnstiges City-Hotel \u2013 ein passendes hotel limassol zypern &#8230;<\/div><div class=\"pt-cv-rmwrap\"><a href=\"https:\/\/limassol.site\/de\/hotel-limassol-zypern\/\" class=\"_blank pt-cv-readmore btn btn-success\" target=\"_blank\" >Weiterlesen\u00a0\u2026<\/a><\/div><\/div><\/div><\/div><\/div> <\/div> <style>\n\n#pt-cv-view-biu9czh1 .pt-cv-meta-fields {  }#pt-cv-view-biu9czh1 .pt-cv-meta-fields * { font-size: 13px; }#pt-cv-view-biu9czh1 .pt-cv-thumb-wrapper:not(.miniwrap) {  }#pt-cv-view-biu9czh1 .pt-cv-thumbnail:not(.pt-cv-thumbnailsm) { height: 250px; }#pt-cv-view-biu9czh1 .pt-cv-title a { display: block; }#pt-cv-view-biu9czh1 .pt-cv-title:not(.pt-cv-titlesm) a { font-weight: 600;text-decoration: none;font-size: 20px; }#pt-cv-view-biu9czh1 .pt-cv-titlesm a { font-weight: 600;font-size: 18px; }#pt-cv-view-biu9czh1 .pt-cv-content { font-size: 15px; }#pt-cv-view-biu9czh1 .pt-cv-rmwrap {  }#pt-cv-view-biu9czh1 .pt-cv-readmore { color: #fff;background-color: #0075ff;font-size: 14px; }#pt-cv-view-biu9czh1 .pt-cv-taxoterm {  }#pt-cv-view-biu9czh1 .pt-cv-taxoterm * { color: #222;background-color: #fff6f6;font-size: 14px; }#pt-cv-view-biu9czh1 + .pt-cv-pagination-wrapper {  }#pt-cv-view-biu9czh1 + .pt-cv-pagination-wrapper a { font-size: 14px; }#pt-cv-view-biu9czh1 > .pt-cv-page {grid-template-columns: repeat(3, 1fr);grid-gap: 20px;}\n@media all and (max-width: 1024px) { \n#pt-cv-view-biu9czh1 > .pt-cv-page {}\n} \n@media all and (max-width: 767px) { \n#pt-cv-view-biu9czh1 > .pt-cv-page {grid-template-columns: repeat(1, 1fr);}\n} <\/style>\n\n\n<h3 class=\"wp-block-heading\">Historische Wunder<\/h3>\n\n\n\n<p>Machen Sie einen Schritt zur\u00fcck in die Vergangenheit mit einem Besuch des <strong>Curion<\/strong>, einer beeindruckenden arch\u00e4ologischen St\u00e4tte mit einem griechisch-r\u00f6mischen Theater und einem atemberaubenden Meerblick. Nicht weit entfernt bietet das <strong>Heiligtum des Apollo <\/strong>Hylates einen Einblick in antike religi\u00f6se Traditionen. Die <strong>Burg von Limassol<\/strong>, in der Richard L\u00f6wenherz 1191 geheiratet haben soll, beherbergt heute das Zypern-Mittelalter-Museum.  <\/p>\n\n\n\n<h3 class=\"wp-block-heading\">Sonnenverw\u00f6hnte Str\u00e4nde<\/h3>\n\n\n\n<p>Die K\u00fcstenlinie von Limassol ist ein wahres Paradies f\u00fcr Strandliebhaber. <strong>Der Lady&#8217;s Mile Beach<\/strong> ist bekannt f\u00fcr seinen goldenen Sand und seine windsurffreundlichen Gew\u00e4sser, w\u00e4hrend <strong>der Governor&#8217;s Beach<\/strong> ein abgelegeneres Pl\u00e4tzchen mit malerischer Umgebung bietet.<\/p>\n\n\n\n<h3 class=\"wp-block-heading\">Kulinarische Meisterwerke<\/h3>\n\n\n\n<p>Genie\u00dfen Sie die lebendige zypriotische K\u00fcche in den lokalen Tavernen, die frische Meeresfr\u00fcchte und authentische Meze-Gerichte servieren. Verpassen Sie nicht das ber\u00fchmte Limassol <strong>Wine Festival<\/strong>, wo Sie einige der besten Weine der Region probieren k\u00f6nnen. <\/p>\n\n\n\n<h3 class=\"wp-block-heading\">Moderne Attraktionen<\/h3>\n\n\n\n<p>Schlendern Sie durch <strong>Limassols<\/strong> stilvollen Jachthafen, wo neben Boutiquen und feinen Restaurants auch Luxusjachten anlegen. <strong>Die Altstadt<\/strong> bietet mit ihren gem\u00fctlichen Caf\u00e9s, lebhaften Bars und handwerklichen Gesch\u00e4ften die perfekte Mischung aus historischem Charme und moderner Energie.<\/p>\n\n\n\n<h3 class=\"wp-block-heading\">Outdoor-Abenteuer<\/h3>\n\n\n\n<p>F\u00fcr Naturliebhaber bietet das <strong>Troodos-Gebirge<\/strong> malerische Wanderwege durch Zedernw\u00e4lder und vorbei an Wasserf\u00e4llen. Die <strong>Akamas-Halbinsel<\/strong>, Heimat einer Vielzahl von Wildtieren, bietet atemberaubende K\u00fcstenansichten und M\u00f6glichkeiten f\u00fcr den \u00d6kotourismus.<\/p>\n\n\n\n<h3 class=\"wp-block-heading\">Festivals und Veranstaltungen<\/h3>\n\n\n\n<p>Limassol ist bekannt f\u00fcr seine fr\u00f6hlichen Feste, vom extravaganten <strong>Karneval<\/strong> bis zum beliebten <strong>Weinfest<\/strong>, die die reichen kulturellen Traditionen und die lebhafte Atmosph\u00e4re der Stadt widerspiegeln.<\/p>\n\n\n\n<p>Mit seiner Kombination aus historischen Wundern, herrlichen Str\u00e4nden, kulinarischen Sch\u00e4tzen und lebhaften Veranstaltungen verspricht Limassol eine unvergessliche Reise f\u00fcr jeden Reisenden. Entdecken Sie unseren Reisef\u00fchrer und holen Sie das Beste aus Ihrem Besuch heraus! <\/p>\n\n\n\n<p>Um einen visuellen \u00dcberblick dar\u00fcber zu erhalten, was Limassol zu bieten hat, sehen Sie sich dieses informative Video an:<\/p>\n\n\n\n<figure class=\"wp-block-embed is-type-rich is-provider-handler-einbetten wp-block-embed-handler-einbetten\"><div class=\"wp-block-embed__wrapper\">\nhttps:\/\/youtube.com\/watch?v=djlqvmvVerY%3Fsi%3DPh-KGRdlBcVoVEBr\n<\/div><\/figure>\n","protected":false},"excerpt":{"rendered":"<p>Limassol Reisef\u00fchrer f\u00fcr Reisende Willkommen in Limassol, einer dynamischen K\u00fcstenstadt auf Zypern, in der Geschichte auf modernen Charme trifft. Ob Sie auf der Suche nach kulturellen Entdeckungen, einem Strandurlaub oder einem pulsierenden Nachtleben sind, Limassol hat f\u00fcr jeden Reisenden etwas zu bieten. Tauchen Sie ein in unsere kuratierten Kategorien und entdecken Sie das Beste, was &hellip; <\/p>\n<p class=\"link-more\"><a href=\"https:\/\/limassol.site\/de\/\" class=\"more-link\">Mehr <span class=\"screen-reader-text\">\u00fcber &#8222;&#8220; <\/span>Lesen<\/a><\/p>\n","protected":false},"author":1,"featured_media":0,"parent":0,"menu_order":0,"comment_status":"closed","ping_status":"closed","template":"","meta":{"om_disable_all_campaigns":false,"_monsterinsights_skip_tracking":false,"_monsterinsights_sitenote_active":false,"_monsterinsights_sitenote_note":"","_monsterinsights_sitenote_category":0,"_uf_show_specific_survey":0,"_uf_disable_surveys":false,"footnotes":""},"class_list":["post-4717","page","type-page","status-publish","hentry"],"aioseo_notices":[],"_links":{"self":[{"href":"https:\/\/limassol.site\/de\/wp-json\/wp\/v2\/pages\/4717","targetHints":{"allow":["GET"]}}],"collection":[{"href":"https:\/\/limassol.site\/de\/wp-json\/wp\/v2\/pages"}],"about":[{"href":"https:\/\/limassol.site\/de\/wp-json\/wp\/v2\/types\/page"}],"author":[{"embeddable":true,"href":"https:\/\/limassol.site\/de\/wp-json\/wp\/v2\/users\/1"}],"replies":[{"embeddable":true,"href":"https:\/\/limassol.site\/de\/wp-json\/wp\/v2\/comments?post=4717"}],"version-history":[{"count":3,"href":"https:\/\/limassol.site\/de\/wp-json\/wp\/v2\/pages\/4717\/revisions"}],"predecessor-version":[{"id":4983,"href":"https:\/\/limassol.site\/de\/wp-json\/wp\/v2\/pages\/4717\/revisions\/4983"}],"wp:attachment":[{"href":"https:\/\/limassol.site\/de\/wp-json\/wp\/v2\/media?parent=4717"}],"curies":[{"name":"wp","href":"https:\/\/api.w.org\/{rel}","templated":true}]}}